{"id":5062,"date":"2020-10-20T12:45:48","date_gmt":"2020-10-20T10:45:48","guid":{"rendered":"https:\/\/neurozentrum.berlin\/appointments\/"},"modified":"2022-06-29T12:47:58","modified_gmt":"2022-06-29T10:47:58","slug":"appointments","status":"publish","type":"page","link":"https:\/\/neurozentrum.berlin\/en\/appointments\/","title":{"rendered":"Appointments"},"content":{"rendered":"\t\t<div data-elementor-type=\"wp-page\" data-elementor-id=\"5062\" class=\"elementor elementor-5062 elementor-299\" data-elementor-settings=\"[]\">\n\t\t\t\t\t\t<div class=\"elementor-inner\">\n\t\t\t\t\t\t\t<div class=\"elementor-section-wrap\">\n\t\t\t\t\t\t\t<section class=\"elementor-section elementor-top-section elementor-element elementor-element-7b98cac elementor-section-boxed elementor-section-height-default elementor-section-height-default\" data-id=\"7b98cac\" data-element_type=\"section\">\n\t\t\t\t\t\t<div class=\"elementor-container elementor-column-gap-default\">\n\t\t\t\t\t\t\t<div class=\"elementor-row\">\n\t\t\t\t\t<div class=\"elementor-column elementor-col-100 elementor-top-column elementor-element elementor-element-7c3b63f\" data-id=\"7c3b63f\" data-element_type=\"column\">\n\t\t\t<div class=\"elementor-column-wrap elementor-element-populated\">\n\t\t\t\t\t\t\t<div class=\"elementor-widget-wrap\">\n\t\t\t\t\t\t<div class=\"elementor-element elementor-element-9194152 elementor-widget elementor-widget-spacer\" data-id=\"9194152\" data-element_type=\"widget\" data-widget_type=\"spacer.default\">\n\t\t\t\t<div class=\"elementor-widget-container\">\n\t\t\t\t\t<div class=\"elementor-spacer\">\n\t\t\t<div class=\"elementor-spacer-inner\"><\/div>\n\t\t<\/div>\n\t\t\t\t<\/div>\n\t\t\t\t<\/div>\n\t\t\t\t<div class=\"elementor-element elementor-element-e0c6d41 elementor-widget elementor-widget-heading\" data-id=\"e0c6d41\" data-element_type=\"widget\" data-widget_type=\"heading.default\">\n\t\t\t\t<div class=\"elementor-widget-container\">\n\t\t\t<h2 class=\"elementor-heading-title elementor-size-default\">Appointments<\/h2>\t\t<\/div>\n\t\t\t\t<\/div>\n\t\t\t\t<div class=\"elementor-element elementor-element-ebfde13 ln elementor-widget-divider--view-line elementor-widget elementor-widget-divider\" data-id=\"ebfde13\" data-element_type=\"widget\" data-widget_type=\"divider.default\">\n\t\t\t\t<div class=\"elementor-widget-container\">\n\t\t\t\t\t<div class=\"elementor-divider\">\n\t\t\t<span class=\"elementor-divider-separator\">\n\t\t\t\t\t\t<\/span>\n\t\t<\/div>\n\t\t\t\t<\/div>\n\t\t\t\t<\/div>\n\t\t\t\t\t\t<\/div>\n\t\t\t\t\t<\/div>\n\t\t<\/div>\n\t\t\t\t\t\t\t\t<\/div>\n\t\t\t\t\t<\/div>\n\t\t<\/section>\n\t\t\t\t<section class=\"elementor-section elementor-top-section elementor-element elementor-element-49f6381 elementor-section-boxed elementor-section-height-default elementor-section-height-default\" data-id=\"49f6381\" data-element_type=\"section\">\n\t\t\t\t\t\t<div class=\"elementor-container elementor-column-gap-default\">\n\t\t\t\t\t\t\t<div class=\"elementor-row\">\n\t\t\t\t\t<div class=\"elementor-column elementor-col-100 elementor-top-column elementor-element elementor-element-2efcc52\" data-id=\"2efcc52\" data-element_type=\"column\">\n\t\t\t<div class=\"elementor-column-wrap elementor-element-populated\">\n\t\t\t\t\t\t\t<div class=\"elementor-widget-wrap\">\n\t\t\t\t\t\t<div class=\"elementor-element elementor-element-1d86a2a elementor-widget elementor-widget-text-editor\" data-id=\"1d86a2a\" data-element_type=\"widget\" data-widget_type=\"text-editor.default\">\n\t\t\t\t<div class=\"elementor-widget-container\">\n\t\t\t\t\t<div class=\"elementor-text-editor elementor-clearfix\"><p>You need to book an appointment. Unser Praxisteam ist immer bem\u00fcht, die Wartezeit f\u00fcr sie so kurz wie m\u00f6glich zu halten. In Notf\u00e4llen k\u00f6nnen nach Absprache auch nicht geplante Untersuchungen und Behandlungen erfolgen.<\/p><\/div>\n\t\t\t\t<\/div>\n\t\t\t\t<\/div>\n\t\t\t\t<div class=\"elementor-element elementor-element-5ab9381 elementor-widget elementor-widget-text-editor\" data-id=\"5ab9381\" data-element_type=\"widget\" data-widget_type=\"text-editor.default\">\n\t\t\t\t<div class=\"elementor-widget-container\">\n\t\t\t\t\t<div class=\"elementor-text-editor elementor-clearfix\">Please click here for <strong>online booking<\/strong><br>\n<a class=\"external\" style=\"display: inline-block; text-align: center; background-color: #0596de; color: #ffffff; font-size: 14px; overflow: hidden; border-radius: 4px; text-decoration: none; padding: 10px 20px;\" href=\"https:\/\/www.doctolib.de\/praxis\/berlin\/neurologisches-zentrum-fuer-bewegungsstoerungen-und-diagnostik-dr-muengersdorf-kollegen\" target=\"_blank\" rel=\"noopener noreferrer\" data-reactroot=\"\">Book appointment online<img decoding=\"async\" style=\"display: inline-block; height: 15px; margin-bottom: 3px; vertical-align: middle; width: auto;\" src=\"https:\/\/www.doctolib.de\/external_button\/doctolib-white-transparent.png\" alt=\"Doctolib\"><\/a><br>\n\nAlternatively, you can book an appointment by phone: <a class=\"lnk\" href=\"tel:+4903084719570\">030 847 19 57<\/a>\nPlease specify the reason for your appointment.\nFor cancellation of appointments you can use the link above or write an email: <a href=\"mailto:mail@neurozentrum.berlin\">mail@neurozentrum.berlin<\/a>.<br>\n\nFor documentation of your past medical history please use this form:<br>\n<a class=\"dctlbspc\" style=\"display: inline-block; text-align: center; background-color: #006092; color: #ffffff; font-size: 14px; overflow: hidden; border-radius: 4px; text-decoration: none; padding: 8px 20px;\" href=\"https:\/\/neurozentrum.berlin\/wp-content\/uploads\/2021\/04\/Anamnesebogen_Allgemein-Neu.pdf\" target=\"_blank\" rel=\"noopener noreferrer\">\nForm for past medical history (pdf)\n<\/a><\/div>\n\t\t\t\t<\/div>\n\t\t\t\t<\/div>\n\t\t\t\t<div class=\"elementor-element elementor-element-605e7a2 elementor-widget elementor-widget-text-editor\" data-id=\"605e7a2\" data-element_type=\"widget\" data-widget_type=\"text-editor.default\">\n\t\t\t\t<div class=\"elementor-widget-container\">\n\t\t\t\t\t<div class=\"elementor-text-editor elementor-clearfix\"><p>In addition, we offer <strong>video consultations<\/strong>. All you need is a smartphone, tablet or PC with a camera.<br>Als neuer Patient bekommen Sie als Voraussetzung f\u00fcr die Teilnahme an der Videosprechstunde einen Fragebogen, in dem Sie auch Ihre Versicherungsdaten angeben m\u00fcssen, geteilt.<\/p><p><a style=\"display: inline-block; text-align: center; background-color: #0596de; color: #ffffff; font-size: 14px; overflow: hidden; border-bottom-right-radius: 4px; border-bottom-left-radius: 4px; padding: 10px 20px; bottom: 0; right: 5px; z-index: 1000; border-top-left-radius: 4px; border-top-right-radius: 4px; line-height: 40px;\" href=\"https:\/\/www.doctolib.de\/gemeinschaftspraxis\/berlin\/neurologisches-zentrum-fuer-bewegungsstoerungen-und-diagnostik-dr-muengersdorf-kollegen\" target=\"_blank\" rel=\"noopener\" data-reactroot=\"\"><span style=\"font-size: 14px;\">Book Video Appointment on <\/span><img decoding=\"async\" style=\"height: 23px; margin-bottom: 3px; vertical-align: middle; width: auto;\" src=\"https:\/\/pro.doctolib.de\/external_button\/doctolib-white-transparent.png\" alt=\"Doctolib\"><\/a><\/p><\/div>\n\t\t\t\t<\/div>\n\t\t\t\t<\/div>\n\t\t\t\t<div class=\"elementor-element elementor-element-606e606 elementor-widget elementor-widget-heading\" data-id=\"606e606\" data-element_type=\"widget\" data-widget_type=\"heading.default\">\n\t\t\t\t<div class=\"elementor-widget-container\">\n\t\t\t<h2 class=\"elementor-heading-title elementor-size-default\">Your first appointment <\/h2>\t\t<\/div>\n\t\t\t\t<\/div>\n\t\t\t\t<div class=\"elementor-element elementor-element-60f6422 vita elementor-widget elementor-widget-text-editor\" data-id=\"60f6422\" data-element_type=\"widget\" data-widget_type=\"text-editor.default\">\n\t\t\t\t<div class=\"elementor-widget-container\">\n\t\t\t\t\t<div class=\"elementor-text-editor elementor-clearfix\"><p>At your first appointment we would like to collect information on your past medical history and current complaints. Please bring all documents that might be relevant for us such as:<\/p><ul><li><span style=\"color: var( --e-global-color-text ); font-family: var( --e-global-typography-text-font-family ), Sans-serif; font-size: var( --e-global-typography-text-font-size ); letter-spacing: var( --e-global-typography-text-letter-spacing );\">medical records, diagnostic findings, imaging reports and compact discs, laboratory findings<\/span><\/li><li><span style=\"color: var( --e-global-color-text ); font-family: var( --e-global-typography-text-font-family ), Sans-serif; font-size: var( --e-global-typography-text-font-size ); letter-spacing: var( --e-global-typography-text-letter-spacing );\">a list of your medication<br><\/span><\/li><li><span style=\"color: var( --e-global-color-text ); font-family: var( --e-global-typography-text-font-family ), Sans-serif; font-size: var( --e-global-typography-text-font-size ); letter-spacing: var( --e-global-typography-text-letter-spacing );\">letter of referral in case you have been referred by your doctor<br><\/span><\/li><li><span style=\"color: var( --e-global-color-text ); font-family: var( --e-global-typography-text-font-family ), Sans-serif; font-size: var( --e-global-typography-text-font-size ); letter-spacing: var( --e-global-typography-text-letter-spacing );\">health insurance card<\/span><\/li><\/ul><p> <\/p><\/div>\n\t\t\t\t<\/div>\n\t\t\t\t<\/div>\n\t\t\t\t\t\t<\/div>\n\t\t\t\t\t<\/div>\n\t\t<\/div>\n\t\t\t\t\t\t\t\t<\/div>\n\t\t\t\t\t<\/div>\n\t\t<\/section>\n\t\t\t\t<section class=\"elementor-section elementor-top-section elementor-element elementor-element-cd6019c elementor-section-boxed elementor-section-height-default elementor-section-height-default\" data-id=\"cd6019c\" data-element_type=\"section\">\n\t\t\t\t\t\t<div class=\"elementor-container elementor-column-gap-default\">\n\t\t\t\t\t\t\t<div class=\"elementor-row\">\n\t\t\t\t\t<div class=\"elementor-column elementor-col-100 elementor-top-column elementor-element elementor-element-d16c4de\" data-id=\"d16c4de\" data-element_type=\"column\">\n\t\t\t<div class=\"elementor-column-wrap elementor-element-populated\">\n\t\t\t\t\t\t\t<div class=\"elementor-widget-wrap\">\n\t\t\t\t\t\t<div class=\"elementor-element elementor-element-09eb3c6 elementor-widget elementor-widget-spacer\" data-id=\"09eb3c6\" data-element_type=\"widget\" data-widget_type=\"spacer.default\">\n\t\t\t\t<div class=\"elementor-widget-container\">\n\t\t\t\t\t<div class=\"elementor-spacer\">\n\t\t\t<div class=\"elementor-spacer-inner\"><\/div>\n\t\t<\/div>\n\t\t\t\t<\/div>\n\t\t\t\t<\/div>\n\t\t\t\t\t\t<\/div>\n\t\t\t\t\t<\/div>\n\t\t<\/div>\n\t\t\t\t\t\t\t\t<\/div>\n\t\t\t\t\t<\/div>\n\t\t<\/section>\n\t\t\t\t\t\t<\/div>\n\t\t\t\t\t\t<\/div>\n\t\t\t\t\t<\/div>\n\t\t","protected":false},"excerpt":{"rendered":"<p>Appointments You need to book an appointment. Unser Praxisteam ist immer bem\u00fcht, die Wartezeit f\u00fcr sie so kurz wie m\u00f6glich zu halten. In Notf\u00e4llen k\u00f6nnen nach Absprache auch nicht geplante Untersuchungen und Behandlungen erfolgen. Please click here for online booking Book appointment online Alternatively, you can book an appointment by phone: 030 847 19 57 &hellip;<\/p>\n","protected":false},"author":1,"featured_media":0,"parent":0,"menu_order":0,"comment_status":"closed","ping_status":"closed","template":"","meta":{"inline_featured_image":false,"footnotes":""},"class_list":["post-5062","page","type-page","status-publish","hentry","no-thumb"],"_links":{"self":[{"href":"https:\/\/neurozentrum.berlin\/en\/wp-json\/wp\/v2\/pages\/5062","targetHints":{"allow":["GET"]}}],"collection":[{"href":"https:\/\/neurozentrum.berlin\/en\/wp-json\/wp\/v2\/pages"}],"about":[{"href":"https:\/\/neurozentrum.berlin\/en\/wp-json\/wp\/v2\/types\/page"}],"author":[{"embeddable":true,"href":"https:\/\/neurozentrum.berlin\/en\/wp-json\/wp\/v2\/users\/1"}],"replies":[{"embeddable":true,"href":"https:\/\/neurozentrum.berlin\/en\/wp-json\/wp\/v2\/comments?post=5062"}],"version-history":[{"count":1,"href":"https:\/\/neurozentrum.berlin\/en\/wp-json\/wp\/v2\/pages\/5062\/revisions"}],"predecessor-version":[{"id":5063,"href":"https:\/\/neurozentrum.berlin\/en\/wp-json\/wp\/v2\/pages\/5062\/revisions\/5063"}],"wp:attachment":[{"href":"https:\/\/neurozentrum.berlin\/en\/wp-json\/wp\/v2\/media?parent=5062"}],"curies":[{"name":"wp","href":"https:\/\/api.w.org\/{rel}","templated":true}]}}